{"id":3527,"date":"2026-01-08T09:28:07","date_gmt":"2026-01-08T08:28:07","guid":{"rendered":"https:\/\/burguet.com\/?post_type=product&#038;p=3527"},"modified":"2026-04-29T14:49:17","modified_gmt":"2026-04-29T12:49:17","slug":"modelo-fnegra-dv","status":"publish","type":"product","link":"https:\/\/www.burguet.com\/en\/producto\/modelo-fnegra-dv\/","title":{"rendered":"FNegra DV"},"content":{"rendered":"<p><b>Our main objective is to provide an instrument of the finest quality to our customers. That is why Amalio Burguet guitars <\/b><b><i>are made entirely by hand. They are a 100% handmade product.<\/i><\/b><\/p>\n<p><b><i>All our models are made with solid wood. <\/i><\/b>Wood of the finest quality, with a minimum drying time of twenty years. The best glues and the most innovative varnishes on the market for final finishes.<\/p>\n<p><b><i>Our models can be customisable on demand. Left-handed guitars, different scale length, cutaway, etc.<\/i><\/b><\/p>\n<p><b>The DV (Dami\u00e1n \u2013 Vanessa) range consists of four Models, two classical and two flamenco. Made by Dami\u00e1n Burguet and Designed by Vanessa Burguet. This flamenco model from Palosanto India is characterized by its low action and its slim profile neck, which makes it very comfortable. and with which we can perform jazz, flamenco or blues\u2026..<\/b><\/p>\n<p>In all models there may be variations in colour, machine heads, profile shapes\u2026to the reference images shown here.<\/p>\n<p>If you need additional information about any of our Amalio Birguet models, you can contact us by <b>Whatsapp: +34 608 250 944<\/b><\/p>\n<ul>\n<li><b>Scale length: <\/b>650mm<\/li>\n<li><b>Soundboard:<\/b> Fir (Picea abies)<\/li>\n<li><b>Back and sides: <\/b><b>\u00a0Indian Rosewood<\/b><\/li>\n<li><b>Fretboard: <\/b><b>African Ebony (Diospyros crassiflora Hiern)<\/b><\/li>\n<li><b>Neck: <\/b>Cedar (Thuja plicata)<\/li>\n<li><b>Nut: <\/b>Natural bone<\/li>\n<li><b>Finish: <\/b><b>Polyurethane<\/b><\/li>\n<\/ul>\n","protected":false},"excerpt":{"rendered":"<p style=\"margin-right: 0cm; margin-left: 0cm;\">Las guitarras<span class=\"apple-converted-space\">\u00a0<\/span><strong>Amalio Burguet<\/strong><span class=\"apple-converted-space\">\u00a0<\/span>est\u00e1n<span class=\"apple-converted-space\"><strong><em>\u00a0<\/em><\/strong><\/span><strong><em>hechas totalmente a mano, son un producto 100% artesanal<\/em><\/strong>. <strong><em>Todos nuestros modelos est\u00e1n hechos con madera maciza<\/em><\/strong>.\u00a0Maderas de la mejor calidad, con un tiempo m\u00ednimo de secado de veinte a\u00f1os. Las mejores colas y los barnices m\u00e1s innovadores del mercado para los acabados finales.<\/p>\n<p>La gama DV ( Dami\u00e1n &#8211; Vanessa ) consta de cuatro Modelos , dos cl\u00e1sicos y dos flamenco. Elaborados por Dami\u00e1n Burguet y Dise\u00f1ados por Vanessa Burguet .Este modelo flamenco\u00a0 de Palosanto India se caracteriza por su acci\u00f3n baja y su m\u00e1stil con perfil delgado, lo que la hace\u00a0 muy c\u00f3moda. y con la que podemos interpretar tanto jazz , como flamenco o blues &#8230;..<\/p>\n<p style=\"margin-right: 0cm; margin-left: 0cm;\">Nuestros modelos pueden ser<span class=\"apple-converted-space\">\u00a0<\/span><strong><em>personalizables bajo demanda<\/em><\/strong>.<span class=\"apple-converted-space\">\u00a0<\/span><strong><em>Guitarras zurdas<\/em><\/strong>,<span class=\"apple-converted-space\">\u00a0<\/span><strong>de diferente escala<\/strong>,<span class=\"apple-converted-space\">\u00a0<\/span><strong><em>cutaway, etc<\/em><\/strong>&#8230; En todos los modelos pueden haber variaciones en el color, los clavijeros, perfiles, etc&#8230; respecto a las im\u00e1genes de referencia aqu\u00ed expuestas.<\/p>\n<p><em><strong>Escala<\/strong><\/em> . 650 mm <em><strong>Tapa<\/strong><\/em> . Abeto <em><strong>Aros y Fondo<\/strong><\/em> . Palosanto India <em><strong>Diapas\u00f3n<\/strong><\/em>. Ebano <em><strong>Mango<\/strong><\/em> . Cedro <em><strong>Cejuela<\/strong><\/em>. Hueso Natural <em><strong>Acabado<\/strong><\/em>. Poliuretano Si necesitas informaci\u00f3n adicional de nuestros modelos <strong>Amalio Burguet<\/strong>, puedes contactarnos por <strong>Whatsapp: +34 608 250 944<\/strong><\/p>\n","protected":false},"featured_media":3525,"template":"","meta":{"_acf_changed":false,"_joinchat":[]},"product_brand":[],"product_cat":[158],"product_tag":[],"class_list":{"0":"post-3527","1":"product","2":"type-product","3":"status-publish","4":"has-post-thumbnail","6":"product_cat-flamenco-guitars","8":"first","9":"instock","10":"taxable","11":"shipping-taxable","12":"product-type-simple"},"acf":[],"yoast_head":"<!-- This site is optimized with the Yoast SEO plugin v27.5 - https:\/\/yoast.com\/product\/yoast-seo-wordpress\/ -->\n<title>FNegra DV - Amalio Burguet<\/title>\n<meta name=\"robots\" content=\"index, follow, max-snippet:-1, max-image-preview:large, max-video-preview:-1\" \/>\n<link rel=\"canonical\" href=\"https:\/\/www.burguet.com\/en\/producto\/modelo-fnegra-dv\/\" \/>\n<meta property=\"og:locale\" content=\"en_US\" \/>\n<meta property=\"og:type\" content=\"article\" \/>\n<meta property=\"og:title\" content=\"FNegra DV - Amalio Burguet\" \/>\n<meta property=\"og:description\" content=\"Las guitarras\u00a0Amalio Burguet\u00a0est\u00e1n\u00a0hechas totalmente a mano, son un producto 100% artesanal. Todos nuestros modelos est\u00e1n hechos con madera maciza.\u00a0Maderas de la mejor calidad, con un tiempo m\u00ednimo de secado de veinte a\u00f1os. Las mejores colas y los barnices m\u00e1s innovadores del mercado para los acabados finales. La gama DV ( Dami\u00e1n - Vanessa ) consta de cuatro Modelos , dos cl\u00e1sicos y dos flamenco. Elaborados por Dami\u00e1n Burguet y Dise\u00f1ados por Vanessa Burguet .Este modelo flamenco\u00a0 de Palosanto India se caracteriza por su acci\u00f3n baja y su m\u00e1stil con perfil delgado, lo que la hace\u00a0 muy c\u00f3moda. y con la que podemos interpretar tanto jazz , como flamenco o blues ..... Nuestros modelos pueden ser\u00a0personalizables bajo demanda.\u00a0Guitarras zurdas,\u00a0de diferente escala,\u00a0cutaway, etc... En todos los modelos pueden haber variaciones en el color, los clavijeros, perfiles, etc... respecto a las im\u00e1genes de referencia aqu\u00ed expuestas. Escala . 650 mm Tapa . Abeto Aros y Fondo . Palosanto India Diapas\u00f3n. Ebano Mango . Cedro Cejuela. Hueso Natural Acabado. Poliuretano Si necesitas informaci\u00f3n adicional de nuestros modelos Amalio Burguet, puedes contactarnos por Whatsapp: +34 608 250 944\" \/>\n<meta property=\"og:url\" content=\"https:\/\/www.burguet.com\/en\/producto\/modelo-fnegra-dv\/\" \/>\n<meta property=\"og:site_name\" content=\"Amalio Burguet\" \/>\n<meta property=\"article:modified_time\" content=\"2026-04-29T12:49:17+00:00\" \/>\n<meta property=\"og:image\" content=\"https:\/\/www.burguet.com\/wp-content\/uploads\/2026\/01\/FNegra-DV.jpg\" \/>\n\t<meta property=\"og:image:width\" content=\"2000\" \/>\n\t<meta property=\"og:image:height\" content=\"2000\" \/>\n\t<meta property=\"og:image:type\" content=\"image\/jpeg\" \/>\n<meta name=\"twitter:card\" content=\"summary_large_image\" \/>\n<meta name=\"twitter:label1\" content=\"Est. reading time\" \/>\n\t<meta name=\"twitter:data1\" content=\"2 minutes\" \/>\n<!-- \/ Yoast SEO plugin. -->","yoast_head_json":{"title":"FNegra DV - Amalio Burguet","robots":{"index":"index","follow":"follow","max-snippet":"max-snippet:-1","max-image-preview":"max-image-preview:large","max-video-preview":"max-video-preview:-1"},"canonical":"https:\/\/www.burguet.com\/en\/producto\/modelo-fnegra-dv\/","og_locale":"en_US","og_type":"article","og_title":"FNegra DV - Amalio Burguet","og_description":"Las guitarras\u00a0Amalio Burguet\u00a0est\u00e1n\u00a0hechas totalmente a mano, son un producto 100% artesanal. Todos nuestros modelos est\u00e1n hechos con madera maciza.\u00a0Maderas de la mejor calidad, con un tiempo m\u00ednimo de secado de veinte a\u00f1os. Las mejores colas y los barnices m\u00e1s innovadores del mercado para los acabados finales. La gama DV ( Dami\u00e1n - Vanessa ) consta de cuatro Modelos , dos cl\u00e1sicos y dos flamenco. Elaborados por Dami\u00e1n Burguet y Dise\u00f1ados por Vanessa Burguet .Este modelo flamenco\u00a0 de Palosanto India se caracteriza por su acci\u00f3n baja y su m\u00e1stil con perfil delgado, lo que la hace\u00a0 muy c\u00f3moda. y con la que podemos interpretar tanto jazz , como flamenco o blues ..... Nuestros modelos pueden ser\u00a0personalizables bajo demanda.\u00a0Guitarras zurdas,\u00a0de diferente escala,\u00a0cutaway, etc... En todos los modelos pueden haber variaciones en el color, los clavijeros, perfiles, etc... respecto a las im\u00e1genes de referencia aqu\u00ed expuestas. Escala . 650 mm Tapa . Abeto Aros y Fondo . Palosanto India Diapas\u00f3n. Ebano Mango . Cedro Cejuela. Hueso Natural Acabado. Poliuretano Si necesitas informaci\u00f3n adicional de nuestros modelos Amalio Burguet, puedes contactarnos por Whatsapp: +34 608 250 944","og_url":"https:\/\/www.burguet.com\/en\/producto\/modelo-fnegra-dv\/","og_site_name":"Amalio Burguet","article_modified_time":"2026-04-29T12:49:17+00:00","og_image":[{"width":2000,"height":2000,"url":"https:\/\/www.burguet.com\/wp-content\/uploads\/2026\/01\/FNegra-DV.jpg","type":"image\/jpeg"}],"twitter_card":"summary_large_image","twitter_misc":{"Est. reading time":"2 minutes"},"schema":{"@context":"https:\/\/schema.org","@graph":[{"@type":"WebPage","@id":"https:\/\/www.burguet.com\/en\/producto\/modelo-fnegra-dv\/","url":"https:\/\/www.burguet.com\/en\/producto\/modelo-fnegra-dv\/","name":"FNegra DV - Amalio Burguet","isPartOf":{"@id":"https:\/\/www.burguet.com\/en\/#website"},"primaryImageOfPage":{"@id":"https:\/\/www.burguet.com\/en\/producto\/modelo-fnegra-dv\/#primaryimage"},"image":{"@id":"https:\/\/www.burguet.com\/en\/producto\/modelo-fnegra-dv\/#primaryimage"},"thumbnailUrl":"https:\/\/www.burguet.com\/wp-content\/uploads\/2026\/01\/FNegra-DV.jpg","datePublished":"2026-01-08T08:28:07+00:00","dateModified":"2026-04-29T12:49:17+00:00","breadcrumb":{"@id":"https:\/\/www.burguet.com\/en\/producto\/modelo-fnegra-dv\/#breadcrumb"},"inLanguage":"en-US","potentialAction":[{"@type":"ReadAction","target":["https:\/\/www.burguet.com\/en\/producto\/modelo-fnegra-dv\/"]}]},{"@type":"ImageObject","inLanguage":"en-US","@id":"https:\/\/www.burguet.com\/en\/producto\/modelo-fnegra-dv\/#primaryimage","url":"https:\/\/www.burguet.com\/wp-content\/uploads\/2026\/01\/FNegra-DV.jpg","contentUrl":"https:\/\/www.burguet.com\/wp-content\/uploads\/2026\/01\/FNegra-DV.jpg","width":2000,"height":2000},{"@type":"BreadcrumbList","@id":"https:\/\/www.burguet.com\/en\/producto\/modelo-fnegra-dv\/#breadcrumb","itemListElement":[{"@type":"ListItem","position":1,"name":"Portada","item":"https:\/\/www.burguet.com\/en\/"},{"@type":"ListItem","position":2,"name":"Shop","item":"https:\/\/www.burguet.com\/en\/shop\/"},{"@type":"ListItem","position":3,"name":"FNegra DV"}]},{"@type":"WebSite","@id":"https:\/\/www.burguet.com\/en\/#website","url":"https:\/\/www.burguet.com\/en\/","name":"Amalio Burguet","description":"Guitarras Cl\u00e1sicas y Flamenco","potentialAction":[{"@type":"SearchAction","target":{"@type":"EntryPoint","urlTemplate":"https:\/\/www.burguet.com\/en\/?s={search_term_string}"},"query-input":{"@type":"PropertyValueSpecification","valueRequired":true,"valueName":"search_term_string"}}],"inLanguage":"en-US"}]}},"_links":{"self":[{"href":"https:\/\/www.burguet.com\/en\/wp-json\/wp\/v2\/product\/3527","targetHints":{"allow":["GET"]}}],"collection":[{"href":"https:\/\/www.burguet.com\/en\/wp-json\/wp\/v2\/product"}],"about":[{"href":"https:\/\/www.burguet.com\/en\/wp-json\/wp\/v2\/types\/product"}],"wp:featuredmedia":[{"embeddable":true,"href":"https:\/\/www.burguet.com\/en\/wp-json\/wp\/v2\/media\/3525"}],"wp:attachment":[{"href":"https:\/\/www.burguet.com\/en\/wp-json\/wp\/v2\/media?parent=3527"}],"wp:term":[{"taxonomy":"product_brand","embeddable":true,"href":"https:\/\/www.burguet.com\/en\/wp-json\/wp\/v2\/product_brand?post=3527"},{"taxonomy":"product_cat","embeddable":true,"href":"https:\/\/www.burguet.com\/en\/wp-json\/wp\/v2\/product_cat?post=3527"},{"taxonomy":"product_tag","embeddable":true,"href":"https:\/\/www.burguet.com\/en\/wp-json\/wp\/v2\/product_tag?post=3527"}],"curies":[{"name":"wp","href":"https:\/\/api.w.org\/{rel}","templated":true}]}}